{"id":23391,"date":"2023-02-09T11:08:45","date_gmt":"2023-02-09T09:08:45","guid":{"rendered":"https:\/\/nutri-scheme.com\/politica-de-cookies\/"},"modified":"2026-03-16T20:45:07","modified_gmt":"2026-03-16T18:45:07","slug":"politica-de-cookies","status":"publish","type":"page","link":"https:\/\/nutri-scheme.com\/es\/politica-de-cookies\/","title":{"rendered":"Pol\u00edtica de cookies"},"content":{"rendered":"\t\t<div data-elementor-type=\"wp-page\" data-elementor-id=\"23391\" class=\"elementor elementor-23391 elementor-892\" data-elementor-post-type=\"page\">\n\t\t\t\t<div class=\"elementor-element elementor-element-5da742d e-flex e-con-boxed e-con e-parent\" data-id=\"5da742d\" data-element_type=\"container\" data-e-type=\"container\">\n\t\t\t\t\t<div class=\"e-con-inner\">\n\t\t\t\t<div class=\"elementor-element elementor-element-2c4468c elementor-widget elementor-widget-text-editor\" data-id=\"2c4468c\" data-element_type=\"widget\" data-e-type=\"widget\" data-widget_type=\"text-editor.default\">\n\t\t\t\t<div class=\"elementor-widget-container\">\n\t\t\t\t\t\t\t\t\t<p style=\"caret-color: #000000; color: #000000;\"><strong>\u00bfQu\u00e9 es un archivo de cookie y para qu\u00e9 se utiliza?<\/strong><\/p>\n<p style=\"caret-color: #000000; color: #000000;\">nutri-scheme.com utiliza tecnolog\u00eda de cookies para ofrecerte un servicio web mejor y personalizado. Los datos almacenados por las cookies utilizadas en nutri-scheme.com nunca muestran datos personales que puedan identificar a una persona.<\/p>\n<p style=\"caret-color: #000000; color: #000000;\">Un archivo de cookie es un peque\u00f1o archivo de texto que se almacena y\/o lee mediante tu navegador web en el disco duro de tu dispositivo (por ejemplo, ordenador, port\u00e1til o smartphone) seg\u00fan los sitios web que visites. Las cookies tambi\u00e9n hacen que tus interacciones con los sitios web sean m\u00e1s seguras y r\u00e1pidas al recordar tus preferencias (por ejemplo, autenticaci\u00f3n, idioma) y enviar la informaci\u00f3n de vuelta al sitio web de origen (cookie de origen) o a otro sitio web al que pertenezcan (cookie de terceros) cuando vuelvas a visitar ese sitio usando el mismo dispositivo.<\/p>\n<p style=\"caret-color: #000000; color: #000000;\"><strong>\u00bfQu\u00e9 cookies utiliza Nutri Scheme?<\/strong><\/p>\n<ul style=\"caret-color: #000000; color: #000000;\">\n<li><strong>Google Analytics<\/strong><br>nutri-scheme.com utiliza Google Analytics, un servicio de an\u00e1lisis web proporcionado por Google. Google Analytics utiliza cookies para ayudar a un sitio web concreto a analizar c\u00f3mo usas ese sitio web. La informaci\u00f3n generada por las cookies sobre tu uso del sitio web (incluida tu direcci\u00f3n IP) ser\u00e1 transmitida y almacenada por Google en servidores que pueden estar ubicados en la UE, el EEE y\/o Estados Unidos. Google utilizar\u00e1 esta informaci\u00f3n para evaluar tu uso del sitio web, preparar informes sobre la actividad del sitio web para los operadores del sitio y proporcionar otros servicios relacionados con la actividad del sitio web y el uso de internet. Google tambi\u00e9n puede transferir esta informaci\u00f3n a terceros si as\u00ed lo exige la ley o si dichos terceros procesan la informaci\u00f3n en nombre de Google.<\/li>\n<\/ul>\n<p style=\"caret-color: #000000; color: #000000;\">Puedes desactivar Google Analytics sin que esto afecte a c\u00f3mo puedes visitar nuestro sitio web.<\/p>\n<p style=\"caret-color: #000000; color: #000000;\">Puedes encontrar informaci\u00f3n detallada sobre Google Analytics y la protecci\u00f3n de datos personales (incluido c\u00f3mo controlar la informaci\u00f3n enviada a Google) en: <a href=\"https:\/\/policies.google.com\/privacy\/partners\" target=\"_new\" rel=\"noopener\">https:\/\/policies.google.com\/privacy\/partners<\/a>.<\/p>\n<p style=\"caret-color: #000000; color: #000000;\">Para evitar el seguimiento mediante este tipo de cookie, puedes instalar un complemento en tu navegador web (<a href=\"http:\/\/tools.google.com\/dlpage\/gaoptout\" target=\"_new\" rel=\"noopener\">http:\/\/tools.google.com\/dlpage\/gaoptout<\/a>).<\/p>\n<ul style=\"caret-color: #000000; color: #000000;\">\n<li>\n<p><strong>Meta (Facebook)<\/strong><br>Utilizamos Facebook para enviar anuncios dirigidos a las personas que acceden al sitio \u2013 <a href=\"https:\/\/www.facebook.com\/policy.php\" target=\"_new\" rel=\"noopener\">https:\/\/www.facebook.com\/policy.php<\/a><\/p>\n<\/li>\n<li>\n<p><strong>Hotjar<\/strong><br>Utilizamos Hotjar para registrar de forma an\u00f3nima la actividad de los usuarios en el sitio con el fin de mejorar los servicios. Esta actividad se registra sin que podamos ver qui\u00e9n la realiz\u00f3. <a href=\"https:\/\/www.hotjar.com\/legal\/policies\/privacy\" target=\"_new\" rel=\"noopener\">https:\/\/www.hotjar.com\/legal\/policies\/privacy<\/a><\/p>\n<\/li>\n<li>\n<p><strong>Tawk.to<\/strong><br>Utilizamos tawk.to para permitir que los usuarios se pongan en contacto con nosotros mediante chat. <a href=\"https:\/\/www.tawk.to\/privacy-policy\/\" target=\"_new\" rel=\"noopener\">https:\/\/www.tawk.to\/privacy-policy\/<\/a><\/p>\n<\/li>\n<\/ul>\n<p style=\"caret-color: #000000; color: #000000;\"><strong>Desactivar y\/o eliminar cookies mediante tu navegador<\/strong><br>Puedes cambiar la configuraci\u00f3n de cookies a trav\u00e9s de tu navegador de internet. Tu navegador te permitir\u00e1 modificar la configuraci\u00f3n de cookies. Esta configuraci\u00f3n de cookies suele encontrarse en el men\u00fa \u00abopciones\u00bb, \u00abherramientas\u00bb o \u00abpreferencias\u00bb de tu navegador de internet. Tambi\u00e9n puedes consultar el men\u00fa \u00abAyuda\u00bb de tu navegador. Los distintos navegadores pueden utilizar mecanismos diferentes para desactivar las cookies.<\/p>\n<p style=\"caret-color: #000000; color: #000000;\">Consulta los siguientes enlaces para obtener m\u00e1s informaci\u00f3n sobre c\u00f3mo gestionar la configuraci\u00f3n de cookies:<\/p>\n<ul style=\"caret-color: #000000; color: #000000;\">\n<li>Configuraci\u00f3n de cookies en Internet Explorer<\/li>\n<li>Configuraci\u00f3n de cookies en Firefox<\/li>\n<li>Configuraci\u00f3n de cookies en Chrome<\/li>\n<li>Configuraci\u00f3n de cookies en Safari<\/li>\n<\/ul>\n<hr>\n<p style=\"caret-color: #000000; color: #000000;\">Si necesitas algo m\u00e1s, \u00a1av\u00edsanos!<\/p>\t\t\t\t\t\t\t\t<\/div>\n\t\t\t\t<\/div>\n\t\t\t\t\t<\/div>\n\t\t\t\t<\/div>\n\t\t\t\t<\/div>\n\t\t","protected":false},"excerpt":{"rendered":"<p>\u00bfQu\u00e9 es un archivo de cookie y para qu\u00e9 se utiliza? nutri-scheme.com utiliza tecnolog\u00eda de cookies para ofrecerte un servicio web mejor y personalizado. Los datos almacenados por las cookies utilizadas en nutri-scheme.com nunca muestran datos personales que puedan identificar a una persona. Un archivo de cookie es un peque\u00f1o archivo de texto que se [&hellip;]<\/p>\n","protected":false},"author":2,"featured_media":0,"parent":0,"menu_order":0,"comment_status":"closed","ping_status":"closed","template":"","meta":{"_acf_changed":false,"footnotes":""},"class_list":["post-23391","page","type-page","status-publish","hentry"],"acf":[],"_links":{"self":[{"href":"https:\/\/nutri-scheme.com\/es\/wp-json\/wp\/v2\/pages\/23391","targetHints":{"allow":["GET"]}}],"collection":[{"href":"https:\/\/nutri-scheme.com\/es\/wp-json\/wp\/v2\/pages"}],"about":[{"href":"https:\/\/nutri-scheme.com\/es\/wp-json\/wp\/v2\/types\/page"}],"author":[{"embeddable":true,"href":"https:\/\/nutri-scheme.com\/es\/wp-json\/wp\/v2\/users\/2"}],"replies":[{"embeddable":true,"href":"https:\/\/nutri-scheme.com\/es\/wp-json\/wp\/v2\/comments?post=23391"}],"version-history":[{"count":1,"href":"https:\/\/nutri-scheme.com\/es\/wp-json\/wp\/v2\/pages\/23391\/revisions"}],"predecessor-version":[{"id":23392,"href":"https:\/\/nutri-scheme.com\/es\/wp-json\/wp\/v2\/pages\/23391\/revisions\/23392"}],"wp:attachment":[{"href":"https:\/\/nutri-scheme.com\/es\/wp-json\/wp\/v2\/media?parent=23391"}],"curies":[{"name":"wp","href":"https:\/\/api.w.org\/{rel}","templated":true}]}}