{"id":23395,"date":"2023-02-09T11:08:45","date_gmt":"2023-02-09T09:08:45","guid":{"rendered":"https:\/\/nutri-scheme.com\/politique-relative-aux-cookies\/"},"modified":"2026-03-16T20:45:08","modified_gmt":"2026-03-16T18:45:08","slug":"politique-relative-aux-cookies","status":"publish","type":"page","link":"https:\/\/nutri-scheme.com\/fr\/politique-relative-aux-cookies\/","title":{"rendered":"Politique relative aux cookies"},"content":{"rendered":"\t\t<div data-elementor-type=\"wp-page\" data-elementor-id=\"23395\" class=\"elementor elementor-23395 elementor-892\" data-elementor-post-type=\"page\">\n\t\t\t\t<div class=\"elementor-element elementor-element-5da742d e-flex e-con-boxed e-con e-parent\" data-id=\"5da742d\" data-element_type=\"container\" data-e-type=\"container\">\n\t\t\t\t\t<div class=\"e-con-inner\">\n\t\t\t\t<div class=\"elementor-element elementor-element-2c4468c elementor-widget elementor-widget-text-editor\" data-id=\"2c4468c\" data-element_type=\"widget\" data-e-type=\"widget\" data-widget_type=\"text-editor.default\">\n\t\t\t\t<div class=\"elementor-widget-container\">\n\t\t\t\t\t\t\t\t\t<p style=\"caret-color: #000000; color: #000000;\"><strong>Qu\u2019est-ce qu\u2019un fichier cookie et \u00e0 quoi sert-il ?<\/strong><\/p>\n<p style=\"caret-color: #000000; color: #000000;\">nutri-scheme.com utilise la technologie des cookies pour vous fournir un service web am\u00e9lior\u00e9 et personnalis\u00e9. Les donn\u00e9es stock\u00e9es par les cookies utilis\u00e9s sur nutri-scheme.com ne r\u00e9v\u00e8lent jamais de d\u00e9tails personnels permettant d\u2019identifier un individu.<\/p>\n<p style=\"caret-color: #000000; color: #000000;\">Un fichier cookie est un petit fichier texte stock\u00e9 et\/ou lu par votre navigateur web sur le disque dur de votre appareil (par exemple, ordinateur, ordinateur portable ou smartphone) en fonction des sites web que vous visitez. Les cookies rendent \u00e9galement vos interactions avec les sites web plus s\u00fbres et plus rapides en m\u00e9morisant vos pr\u00e9f\u00e9rences (par exemple, l\u2019authentification, la langue) et en renvoyant les informations au site web d\u2019origine (cookie de premi\u00e8re partie) ou \u00e0 un autre site web auquel ils appartiennent (cookie tiers) lorsque vous consultez de nouveau ce site en utilisant le m\u00eame appareil.<\/p>\n<p style=\"caret-color: #000000; color: #000000;\"><strong>Quels cookies sont utilis\u00e9s par Nutri Scheme ?<\/strong><\/p>\n<ul style=\"caret-color: #000000; color: #000000;\">\n<li><strong>Google Analytics<\/strong><br>nutri-scheme.com utilise Google Analytics, un service d\u2019analyse web fourni par Google. Google Analytics utilise des cookies pour aider un site web particulier \u00e0 analyser la mani\u00e8re dont vous utilisez ce site. Les informations g\u00e9n\u00e9r\u00e9es par les cookies concernant votre utilisation du site web (y compris votre adresse IP) seront transmises et stock\u00e9es par Google sur des serveurs pouvant \u00eatre situ\u00e9s dans l\u2019UE, l\u2019EEE et\/ou aux \u00c9tats-Unis. Google utilisera ces informations pour \u00e9valuer votre utilisation du site web, pr\u00e9parer des rapports sur l\u2019activit\u00e9 du site pour les exploitants de sites web et fournir d\u2019autres services li\u00e9s \u00e0 l\u2019activit\u00e9 du site et \u00e0 l\u2019utilisation d\u2019Internet. Google peut \u00e9galement transf\u00e9rer ces informations \u00e0 des tiers si la loi l\u2019exige ou si ces tiers traitent les informations pour le compte de Google.<\/li>\n<\/ul>\n<p style=\"caret-color: #000000; color: #000000;\">Vous pouvez d\u00e9sactiver Google Analytics sans que cela n\u2019affecte votre navigation sur notre site web.<\/p>\n<p style=\"caret-color: #000000; color: #000000;\">Des informations d\u00e9taill\u00e9es concernant Google Analytics et la protection des donn\u00e9es personnelles (y compris la mani\u00e8re dont vous pouvez contr\u00f4ler les informations envoy\u00e9es \u00e0 Google) sont disponibles \u00e0 l\u2019adresse : <a href=\"https:\/\/policies.google.com\/privacy\/partners\" target=\"_new\" rel=\"noopener\">https:\/\/policies.google.com\/privacy\/partners<\/a>.<\/p>\n<p style=\"caret-color: #000000; color: #000000;\">Pour emp\u00eacher le suivi par ce type de cookie, vous pouvez installer un module compl\u00e9mentaire sur votre navigateur web (<a href=\"http:\/\/tools.google.com\/dlpage\/gaoptout\" target=\"_new\" rel=\"noopener\">http:\/\/tools.google.com\/dlpage\/gaoptout<\/a>).<\/p>\n<ul style=\"caret-color: #000000; color: #000000;\">\n<li>\n<p><strong>Meta (Facebook)<\/strong><br>Nous utilisons Facebook pour envoyer des publicit\u00e9s cibl\u00e9es aux personnes acc\u00e9dant au site \u2013 <a href=\"https:\/\/www.facebook.com\/policy.php\" target=\"_new\" rel=\"noopener\">https:\/\/www.facebook.com\/policy.php<\/a><\/p>\n<\/li>\n<li>\n<p><strong>Hotjar<\/strong><br>Nous utilisons Hotjar pour enregistrer de mani\u00e8re anonyme l\u2019activit\u00e9 des utilisateurs sur le site afin d\u2019am\u00e9liorer nos services. Cette activit\u00e9 est enregistr\u00e9e sans que nous puissions voir qui l\u2019a effectu\u00e9e. <a href=\"https:\/\/www.hotjar.com\/legal\/policies\/privacy\" target=\"_new\" rel=\"noopener\">https:\/\/www.hotjar.com\/legal\/policies\/privacy<\/a><\/p>\n<\/li>\n<li>\n<p><strong>Tawk.to<\/strong><br>Nous utilisons tawk.to pour permettre aux utilisateurs de nous contacter via chat. <a href=\"https:\/\/www.tawk.to\/privacy-policy\/\" target=\"_new\" rel=\"noopener\">https:\/\/www.tawk.to\/privacy-policy\/<\/a><\/p>\n<\/li>\n<\/ul>\n<p style=\"caret-color: #000000; color: #000000;\"><strong>D\u00e9sactivation et\/ou suppression des cookies via votre navigateur<\/strong><br>Vous pouvez modifier vos param\u00e8tres de cookies via votre navigateur Internet. Votre navigateur vous permettra de modifier les param\u00e8tres des cookies. Ces param\u00e8tres de cookies se trouvent g\u00e9n\u00e9ralement dans le menu \u00ab options \u00bb, \u00ab outils \u00bb ou \u00ab pr\u00e9f\u00e9rences \u00bb de votre navigateur Internet. Vous pouvez \u00e9galement consulter le menu \u00ab Aide \u00bb de votre navigateur. Diff\u00e9rents navigateurs peuvent utiliser diff\u00e9rents m\u00e9canismes pour d\u00e9sactiver les cookies.<\/p>\n<p style=\"caret-color: #000000; color: #000000;\">Veuillez consulter les liens ci-dessous pour plus de d\u00e9tails concernant la gestion de vos param\u00e8tres de cookies :<\/p>\n<ul style=\"caret-color: #000000; color: #000000;\">\n<li>Param\u00e8tres des cookies dans Internet Explorer<\/li>\n<li>Param\u00e8tres des cookies dans Firefox<\/li>\n<li>Param\u00e8tres des cookies dans Chrome<\/li>\n<li>Param\u00e8tres des cookies dans Safari<\/li>\n<\/ul>\n<hr>\n<p style=\"caret-color: #000000; color: #000000;\">Si vous avez besoin d\u2019autre chose, n\u2019h\u00e9sitez pas \u00e0 me le faire savoir !<\/p>\t\t\t\t\t\t\t\t<\/div>\n\t\t\t\t<\/div>\n\t\t\t\t\t<\/div>\n\t\t\t\t<\/div>\n\t\t\t\t<\/div>\n\t\t","protected":false},"excerpt":{"rendered":"<p>Qu\u2019est-ce qu\u2019un fichier cookie et \u00e0 quoi sert-il ? nutri-scheme.com utilise la technologie des cookies pour vous fournir un service web am\u00e9lior\u00e9 et personnalis\u00e9. Les donn\u00e9es stock\u00e9es par les cookies utilis\u00e9s sur nutri-scheme.com ne r\u00e9v\u00e8lent jamais de d\u00e9tails personnels permettant d\u2019identifier un individu. Un fichier cookie est un petit fichier texte stock\u00e9 et\/ou lu par [&hellip;]<\/p>\n","protected":false},"author":2,"featured_media":0,"parent":0,"menu_order":0,"comment_status":"closed","ping_status":"closed","template":"","meta":{"_acf_changed":false,"footnotes":""},"class_list":["post-23395","page","type-page","status-publish","hentry"],"acf":[],"_links":{"self":[{"href":"https:\/\/nutri-scheme.com\/fr\/wp-json\/wp\/v2\/pages\/23395","targetHints":{"allow":["GET"]}}],"collection":[{"href":"https:\/\/nutri-scheme.com\/fr\/wp-json\/wp\/v2\/pages"}],"about":[{"href":"https:\/\/nutri-scheme.com\/fr\/wp-json\/wp\/v2\/types\/page"}],"author":[{"embeddable":true,"href":"https:\/\/nutri-scheme.com\/fr\/wp-json\/wp\/v2\/users\/2"}],"replies":[{"embeddable":true,"href":"https:\/\/nutri-scheme.com\/fr\/wp-json\/wp\/v2\/comments?post=23395"}],"version-history":[{"count":1,"href":"https:\/\/nutri-scheme.com\/fr\/wp-json\/wp\/v2\/pages\/23395\/revisions"}],"predecessor-version":[{"id":23396,"href":"https:\/\/nutri-scheme.com\/fr\/wp-json\/wp\/v2\/pages\/23395\/revisions\/23396"}],"wp:attachment":[{"href":"https:\/\/nutri-scheme.com\/fr\/wp-json\/wp\/v2\/media?parent=23395"}],"curies":[{"name":"wp","href":"https:\/\/api.w.org\/{rel}","templated":true}]}}