{"id":23393,"date":"2023-02-09T11:08:45","date_gmt":"2023-02-09T09:08:45","guid":{"rendered":"https:\/\/nutri-scheme.com\/informativa-sui-cookie\/"},"modified":"2026-03-16T20:45:07","modified_gmt":"2026-03-16T18:45:07","slug":"informativa-sui-cookie","status":"publish","type":"page","link":"https:\/\/nutri-scheme.com\/it\/informativa-sui-cookie\/","title":{"rendered":"Informativa sui cookie"},"content":{"rendered":"\t\t<div data-elementor-type=\"wp-page\" data-elementor-id=\"23393\" class=\"elementor elementor-23393 elementor-892\" data-elementor-post-type=\"page\">\n\t\t\t\t<div class=\"elementor-element elementor-element-5da742d e-flex e-con-boxed e-con e-parent\" data-id=\"5da742d\" data-element_type=\"container\" data-e-type=\"container\">\n\t\t\t\t\t<div class=\"e-con-inner\">\n\t\t\t\t<div class=\"elementor-element elementor-element-2c4468c elementor-widget elementor-widget-text-editor\" data-id=\"2c4468c\" data-element_type=\"widget\" data-e-type=\"widget\" data-widget_type=\"text-editor.default\">\n\t\t\t\t<div class=\"elementor-widget-container\">\n\t\t\t\t\t\t\t\t\t<p style=\"caret-color: #000000; color: #000000;\"><strong>Cos&#8217;\u00e8 un file cookie e a cosa serve?<\/strong><\/p>\n<p style=\"caret-color: #000000; color: #000000;\">nutri-scheme.com utilizza la tecnologia dei cookie per offrirti un servizio web migliore e personalizzato. I dati memorizzati dai cookie utilizzati su nutri-scheme.com non mostrano mai dettagli personali che potrebbero identificare un individuo. <\/p>\n<p style=\"caret-color: #000000; color: #000000;\">Un file cookie \u00e8 un piccolo file di testo che viene memorizzato e\/o letto dal tuo browser sul disco rigido del tuo dispositivo (ad es. computer, laptop o smartphone) a seconda dei siti web che visiti. I cookie rendono anche le tue interazioni con i siti web pi\u00f9 sicure e veloci, ricordando le tue preferenze (ad es. autenticazione, lingua) e inviando le informazioni al sito web di origine (cookie di prima parte) o a un altro sito web a cui appartengono (cookie di terze parti) quando torni su quel sito utilizzando lo stesso dispositivo. <\/p>\n<p style=\"caret-color: #000000; color: #000000;\"><strong>Quali cookie vengono utilizzati da Nutri Scheme?<\/strong><\/p>\n<ul style=\"caret-color: #000000; color: #000000;\">\n<li><strong>Google Analytics<\/strong><br>nutri-scheme.com utilizza Google Analytics, un servizio di analisi web fornito da Google. Google Analytics utilizza i cookie per aiutare un determinato sito web ad analizzare come utilizzi quel sito. Le informazioni generate dai cookie sull&#8217;utilizzo del sito web (compreso il tuo indirizzo IP) saranno trasmesse e depositate presso i server di Google che potrebbero trovarsi nell&#8217;UE, nel SEE e\/o negli Stati Uniti. Google utilizzer\u00e0 queste informazioni allo scopo di tracciare ed esaminare il tuo utilizzo del sito web, compilare report sulle attivit\u00e0 del sito per gli operatori del sito e fornire altri servizi relativi alle attivit\u00e0 del sito e all&#8217;utilizzo di Internet. Google pu\u00f2 anche trasferire queste informazioni a terzi ove ci\u00f2 sia imposto dalla legge o laddove tali terzi trattino le suddette informazioni per conto di Google.    <\/li>\n<\/ul>\n<p style=\"caret-color: #000000; color: #000000;\">Puoi disattivare Google Analytics senza influire sulla tua navigazione nel nostro sito.<\/p>\n<p style=\"caret-color: #000000; color: #000000;\">Informazioni dettagliate su Google Analytics e sulla protezione dei dati personali (incluso come puoi controllare le informazioni inviate a Google) sono disponibili all&#8217;indirizzo: <a href=\"https:\/\/policies.google.com\/privacy\/partners\" target=\"_new\" rel=\"noopener\">https:\/\/policies.google.com\/privacy\/partners<\/a>.<\/p>\n<p style=\"caret-color: #000000; color: #000000;\">Per impedire il monitoraggio tramite questo tipo di cookie, puoi installare un componente aggiuntivo sul tuo browser (<a href=\"http:\/\/tools.google.com\/dlpage\/gaoptout\" target=\"_new\" rel=\"noopener\">http:\/\/tools.google.com\/dlpage\/gaoptout<\/a>).<\/p>\n<ul style=\"caret-color: #000000; color: #000000;\">\n<li>\n<p><strong>Meta (Facebook)<\/strong><br>Utilizziamo Facebook per inviare annunci mirati alle persone che accedono al sito \u2013 <a href=\"https:\/\/www.facebook.com\/policy.php\" target=\"_new\" rel=\"noopener\">https:\/\/www.facebook.com\/policy.php<\/a><\/p>\n<\/li>\n<li>\n<p><strong>Hotjar<\/strong><br>Utilizziamo Hotjar per registrare in modo anonimo l&#8217;attivit\u00e0 degli utenti sul sito al fine di migliorare i servizi. Questa attivit\u00e0 viene registrata senza che ci sia possibile vedere chi l&#8217;ha eseguita.  <a href=\"https:\/\/www.hotjar.com\/legal\/policies\/privacy\" target=\"_new\" rel=\"noopener\">https:\/\/www.hotjar.com\/legal\/policies\/privacy<\/a><\/p>\n<\/li>\n<li>\n<p><strong>Tawk.to<\/strong><br>Utilizziamo tawk.to per consentire agli utenti di contattarci tramite chat. <a href=\"https:\/\/www.tawk.to\/privacy-policy\/\" target=\"_new\" rel=\"noopener\">https:\/\/www.tawk.to\/privacy-policy\/<\/a><\/p>\n<\/li>\n<\/ul>\n<p style=\"caret-color: #000000; color: #000000;\"><strong>Disabilitare e\/o eliminare i cookie tramite il browser<\/strong><br>Puoi modificare le impostazioni dei cookie attraverso il tuo browser internet. Il tuo browser ti permetter\u00e0 di modificare le impostazioni dei cookie. Tali impostazioni si trovano solitamente nel menu \u201copzioni\u201d, \u201cstrumenti\u201d o \u201cpreferenze\u201d del tuo browser. Puoi anche consultare il menu \u201cAiuto\u201d del tuo browser. Browser diversi possono utilizzare meccanismi diversi per disabilitare i cookie.    <\/p>\n<p style=\"caret-color: #000000; color: #000000;\">Consulta i link sottostanti per maggiori dettagli sulla gestione delle impostazioni dei cookie:<\/p>\n<ul style=\"caret-color: #000000; color: #000000;\">\n<li>Impostazioni dei cookie in Internet Explorer<\/li>\n<li>Impostazioni dei cookie in Firefox<\/li>\n<li>Impostazioni dei cookie in Chrome<\/li>\n<li>Impostazioni dei cookie in Safari<\/li>\n<\/ul>\n<hr>\n<p style=\"caret-color: #000000; color: #000000;\">Se hai bisogno di altro, fammelo sapere!<\/p>\t\t\t\t\t\t\t\t<\/div>\n\t\t\t\t<\/div>\n\t\t\t\t\t<\/div>\n\t\t\t\t<\/div>\n\t\t\t\t<\/div>\n\t\t","protected":false},"excerpt":{"rendered":"<p>Cos&#8217;\u00e8 un file cookie e a cosa serve? nutri-scheme.com utilizza la tecnologia dei cookie per offrirti un servizio web migliore e personalizzato. I dati memorizzati dai cookie utilizzati su nutri-scheme.com non mostrano mai dettagli personali che potrebbero identificare un individuo. Un file cookie \u00e8 un piccolo file di testo che viene memorizzato e\/o letto dal [&hellip;]<\/p>\n","protected":false},"author":2,"featured_media":0,"parent":0,"menu_order":0,"comment_status":"closed","ping_status":"closed","template":"","meta":{"_acf_changed":false,"footnotes":""},"class_list":["post-23393","page","type-page","status-publish","hentry"],"acf":[],"_links":{"self":[{"href":"https:\/\/nutri-scheme.com\/it\/wp-json\/wp\/v2\/pages\/23393","targetHints":{"allow":["GET"]}}],"collection":[{"href":"https:\/\/nutri-scheme.com\/it\/wp-json\/wp\/v2\/pages"}],"about":[{"href":"https:\/\/nutri-scheme.com\/it\/wp-json\/wp\/v2\/types\/page"}],"author":[{"embeddable":true,"href":"https:\/\/nutri-scheme.com\/it\/wp-json\/wp\/v2\/users\/2"}],"replies":[{"embeddable":true,"href":"https:\/\/nutri-scheme.com\/it\/wp-json\/wp\/v2\/comments?post=23393"}],"version-history":[{"count":1,"href":"https:\/\/nutri-scheme.com\/it\/wp-json\/wp\/v2\/pages\/23393\/revisions"}],"predecessor-version":[{"id":23394,"href":"https:\/\/nutri-scheme.com\/it\/wp-json\/wp\/v2\/pages\/23393\/revisions\/23394"}],"wp:attachment":[{"href":"https:\/\/nutri-scheme.com\/it\/wp-json\/wp\/v2\/media?parent=23393"}],"curies":[{"name":"wp","href":"https:\/\/api.w.org\/{rel}","templated":true}]}}