{"id":23467,"date":"2023-02-01T18:23:24","date_gmt":"2023-02-01T16:23:24","guid":{"rendered":"https:\/\/nutri-scheme.com\/termini-e-condizioni\/"},"modified":"2026-03-16T20:57:58","modified_gmt":"2026-03-16T18:57:58","slug":"termini-e-condizioni","status":"publish","type":"page","link":"https:\/\/nutri-scheme.com\/it\/termini-e-condizioni\/","title":{"rendered":"Termini e Condizioni"},"content":{"rendered":"<p style=\"caret-color: #000000; color: #000000;\">Per utilizzare la piattaforma Nutri Scheme, disponibile all&#8217;URL: nutri-scheme.com (il &#8220;Sito&#8221;), si consiglia di leggere e accettare i termini e le condizioni riportati di seguito, che costituiscono un contratto tra CRUD DEVELOPMENT SRL (la Societ\u00e0) e qualsiasi Visitatore o Utente che accede alla Piattaforma. L&#8217;utilizzo della Piattaforma implica l&#8217;accettazione piena e incondizionata di questi termini. Se non accetti esplicitamente o implicitamente questi termini, non puoi utilizzare il Sito.  <\/p>\n<p style=\"caret-color: #000000; color: #000000;\">La Societ\u00e0 si riserva il diritto di modificare i termini e le condizioni in qualsiasi momento. Eventuali modifiche saranno considerate accettate attraverso il semplice utilizzo della Piattaforma. Gli Utenti avranno sempre accesso ai termini e alle condizioni della Piattaforma visitando la pagina &#8220;Termini e Condizioni&#8221;. \u00c8 tua responsabilit\u00e0 rispettare l&#8217;ultima versione dei Termini e Condizioni e dell&#8217;Informativa sulla Privacy in vigore in qualsiasi momento.   <\/p>\n<p style=\"caret-color: #000000; color: #000000;\">Per qualsiasi domanda riguardante i Termini e Condizioni e l&#8217;Informativa sulla Privacy, contattaci all&#8217;indirizzo <a rel=\"noopener\">hello@nutri-scheme.com<\/a>. Se non sei d&#8217;accordo con questi Termini e Condizioni nella loro interezza, ti preghiamo di non utilizzare la Piattaforma. <\/p>\n<ol style=\"caret-color: #000000; color: #000000;\">\n<li>\n<p><strong>Chi siamo?<\/strong> L&#8217;applicazione \u00e8 gestita da CRUD DEVELOPMENT SRL, una societ\u00e0 costituita e registrata in Romania, con sede legale in Drumul Opalului nr 1-43, Bloc Cocor, Sc A, Ap 6, Sector 1, Bucarest, iscritta al Registro del Commercio con il numero J40\/4282\/2023, codice di registrazione unico 47752093.<\/p>\n<\/li>\n<li>\n<p><strong>Definizioni<\/strong><br \/>Per questo documento, utilizzeremo i seguenti termini con i significati specificati:<\/p>\n<\/li>\n<\/ol>\n<ul style=\"caret-color: #000000; color: #000000;\">\n<li><strong>Utente Cliente<\/strong> \u2013 Qualsiasi persona che accede a materiali o funzionalit\u00e0 disponibili attraverso qualsiasi canale (sito web, social media, email) fornito da Nutri-Scheme.ro<\/li>\n<li><strong>Noi\/Societ\u00e0<\/strong> \u2013 CRUD DEVELOPMENT SRL<\/li>\n<li><strong>Servizio\/Applicazione<\/strong> \u2013 Tutte le funzioni offerte dal sito web e dalla piattaforma Nutri-Scheme.ro<\/li>\n<li><b>Nutri-Scheme<\/b> \u2013 Il nome della piattaforma e del sito web, responsabile della generazione dei valori nutrizionali per i menu, inclusi additivi e allergeni.<\/li>\n<\/ul>\n<p><span style=\"color: #000000;\"> <\/span><\/p>\n<p style=\"caret-color: #000000; color: #000000;\"><strong>3. Utilizzo del Servizio nutri-scheme.com<\/strong><br \/>Gli Utenti sono responsabili di mantenere riservati i propri dati di accesso. Se vengono eseguite attivit\u00e0 sul sito web utilizzando i tuoi dati di accesso, sei responsabile di tali azioni. CRUD DEVELOPMENT SRL non si assume alcuna responsabilit\u00e0 per le azioni intraprese attraverso i tuoi dati di accesso.  <\/p>\n<p style=\"caret-color: #000000; color: #000000;\">Gli Utenti sono inoltre responsabili dell&#8217;inserimento di ingredienti, quantit\u00e0, allergeni, additivi e altre informazioni relative alle ricette nell&#8217;applicazione. CRUD DEVELOPMENT SRL fornisce solo il servizio di inserimento dati e calcolo della dichiarazione nutrizionale e non si assume alcuna responsabilit\u00e0 per l&#8217;accuratezza dei dati inseriti dagli utenti. <\/p>\n<p style=\"caret-color: #000000; color: #000000;\"><strong>4. Creazione di un Account Utente<\/strong><br \/>Per utilizzare completamente la piattaforma, creerai un Account Utente compilando un modulo di registrazione elettronico. Devi completare tutti i campi obbligatori del modulo. La Societ\u00e0 pu\u00f2 rifiutare la registrazione se le informazioni obbligatorie non vengono fornite.  <\/p>\n<p style=\"caret-color: #000000; color: #000000;\">Spuntando la casella &#8220;Ho letto e accetto i Termini e Condizioni e creo l&#8217;abbonamento&#8221; e completando la creazione dell&#8217;account, accetti esplicitamente di rispettare il contratto. La Societ\u00e0 pu\u00f2 conservare file di log con il tuo indirizzo IP e altre informazioni per identificarti e replicare il tuo consenso al contratto in caso di controversie. <\/p>\n<p style=\"caret-color: #000000; color: #000000;\">Utilizzando la Piattaforma, l&#8217;Utente si assume la piena responsabilit\u00e0 per tutte le attivit\u00e0 condotte attraverso il proprio account ed \u00e8 responsabile di garantire la sicurezza della password dell&#8217;account e di altri dati di accesso.<\/p>\n<p style=\"caret-color: #000000; color: #000000;\"><strong>5. Termini e Condizioni di Pagamento<\/strong><br \/><strong>Prezzo, Pagamento, Politica di Rimborso<\/strong><\/p>\n<p>L&#8217;accesso alle funzionalit\u00e0 per il calcolo dei valori nutrizionali \u00e8 disponibile solo dopo il pagamento del servizio di abbonamento annuale.<\/p>\n<p>L&#8217;abbonamento viene pagato in anticipo, con ogni abbonamento che include un numero specifico di crediti necessari per creare una ricetta.<\/p>\n<p>Ci sono tre piani tariffari:<\/p>\n<ul>\n<li>Per 10 ricette \u2013 10 crediti<\/li>\n<li>Per 100 ricette \u2013 100 crediti<\/li>\n<li>Per 300 ricette \u2013 300 crediti<\/li>\n<\/ul>\n<p>Il prezzo per ogni abbonamento \u00e8 specificato sul Sito Web e nell&#8217;Ordine Finalizzato effettuato dall&#8217;Utente e confermato dalla Societ\u00e0.<\/p>\n<p>Il prezzo visualizzato \u00e8 per un anno per l&#8217;abbonamento di 10 ricette, 100 ricette o 300 ricette.<\/p>\n<p>Se desideri acquistare crediti aggiuntivi, puoi farlo attraverso l&#8217;applicazione dopo aver creato il tuo account e selezionato una delle opzioni disponibili.<\/p>\n<p>I crediti assegnati a una sede sono validi solo per la durata dell&#8217;abbonamento. Se l&#8217;abbonamento scade e rimangono crediti inutilizzati, questi crediti possono essere utilizzati solo dopo il rinnovo dell&#8217;abbonamento. I crediti non scompaiono dall&#8217;account, ma non possono essere utilizzati fino al rinnovo dell&#8217;abbonamento.  <\/p>\n<p>Il prezzo del servizio \u00e8 visualizzato in EUR, non include l&#8217;IVA e deve essere pagato in anticipo rispetto all&#8217;utilizzo del servizio.<\/p>\n<p>La Societ\u00e0 si riserva il diritto di annullare qualsiasi Ordine quando il prezzo dell&#8217;Abbonamento \u00e8 stato visualizzato in modo errato sul Sito Web, anche a causa di errori tecnici.<\/p>\n<p>Per ogni ricetta aggiunta, viene consumato 1 (un) credito.<\/p>\n<p>Se l&#8217;Utente aggiunge una ricetta e poi la elimina, il credito rimane consumato. Se vuoi rimuovere una ricetta e aggiungerne un&#8217;altra, si consiglia di modificare la vecchia ricetta con quella nuova. <\/p>\n<p>I crediti inutilizzati non sono rimborsabili. Il Cliente non pu\u00f2 richiedere un rimborso per il valore dei crediti inutilizzati. <\/p>\n<p>La Societ\u00e0 si riserva il diritto di modificare i prezzi degli Abbonamenti. Le modifiche dei prezzi riguarderanno solo i nuovi Utenti che si registrano e gli Utenti esistenti che acquistano un pacchetto dopo la modifica del prezzo. <\/p>\n<p>La Societ\u00e0 emetter\u00e0 una fattura all&#8217;Utente per il pacchetto ordinato in base alle informazioni di fatturazione fornite dall&#8217;Utente in anticipo.<\/p>\n<p>Il pagamento per l&#8217;applicazione \u00e8 valido per un anno solare dal momento in cui viene creato l&#8217;account.<\/p>\n<p>L&#8217;abbonamento pu\u00f2 essere rinnovato:<\/p>\n<ul>\n<li>Se hai pagato con carta, l&#8217;abbonamento verr\u00e0 rinnovato automaticamente e verr\u00e0 effettuato un nuovo pagamento per un ulteriore anno solare alla data di scadenza dell&#8217;abbonamento.<\/li>\n<li>Se hai pagato tramite bonifico bancario, devi effettuare un altro pagamento tramite bonifico bancario per rinnovare l&#8217;abbonamento per un altro anno solare.<\/li>\n<\/ul>\n<p style=\"caret-color: #000000; color: #000000;\"><strong>6. Metodi di Pagamento<\/strong><\/p>\n<p>Il pagamento verr\u00e0 effettuato online tramite carta bancaria (Visa\/Maestro\/MasterCard) attraverso Stripe, e dovrai compilare un modulo con le informazioni della tua carta sulla pagina sicura del processore di pagamento.<\/p>\n<p>I pagamenti con carte di credito\/debito emesse con i loghi Visa e MasterCard (Visa\/Visa Electron e MasterCard\/Maestro) vengono elaborati attraverso il sistema &#8220;3-D Secure&#8221;, sviluppato da queste organizzazioni per fornire transazioni online con lo stesso livello di sicurezza di quelle effettuate presso un bancomat o nei negozi fisici.<\/p>\n<p>Il pagamento pu\u00f2 essere effettuato anche tramite bonifico bancario seguendo questi passaggi:<\/p>\n<ul>\n<li>\n<p>Inviaci un&#8217;email all&#8217;indirizzo <a rel=\"noopener\">hello@nutri-scheme.com<\/a> con:<\/p>\n<ul>\n<li>Informazioni di fatturazione<\/li>\n<li>Nome del ristorante<\/li>\n<li>Nome della persona di contatto<\/li>\n<li>L&#8217;indirizzo email che desideri utilizzare per accedere all&#8217;applicazione<\/li>\n<li>Numero di telefono<\/li>\n<\/ul>\n<\/li>\n<li>\n<p>Emetteremo una fattura proforma e te la invieremo via email.<\/p>\n<\/li>\n<li>\n<p>Ci invii la prova del pagamento.<\/p>\n<\/li>\n<li>\n<p>Creeremo il tuo account ed emetteremo la fattura fiscale.<\/p>\n<\/li>\n<\/ul>\n<p><strong>Importante da sapere:<\/strong> Non viene addebitata alcuna commissione per i pagamenti effettuati tramite carta bancaria.<\/p>\n<p>I dati della carta bancaria non vengono memorizzati nell&#8217;applicazione Nutri-Scheme e non raggiungono la societ\u00e0 in alcuna forma. Questi dettagli sono gestiti esclusivamente dal processore di pagamento, Stripe. <\/p>\n<p style=\"caret-color: #000000; color: #000000;\"><strong>7. Politica di Rimborso<\/strong><br \/>Se un utente richiede un rimborso, questo deve essere effettuato entro 30 giorni sulla base di una richiesta inviata entro e non oltre 14 giorni dalla creazione dell&#8217;account, applicabile solo per i pacchetti se sono stati consumati meno di 3 crediti.<\/p>\n<p style=\"caret-color: #000000; color: #000000;\"><strong>8. Durata del Contratto<\/strong><\/p>\n<p>Questo contratto \u00e8 concluso per un periodo indeterminato a partire dalla data di creazione dell&#8217;account cliente o della sede nell&#8217;applicazione, e gli obblighi delle parti entrano in vigore da questa data.<\/p>\n<p>Non appena viene effettuato il pagamento per il tipo di abbonamento scelto, il Cliente avr\u00e0 accesso ai servizi inclusi nel pacchetto di abbonamento dal momento in cui il pagamento viene confermato dal Fornitore.<\/p>\n<p>L&#8217;ordine pu\u00f2 essere annullato entro 14 giorni dalla data di creazione dell&#8217;account, a condizione che non siano stati utilizzati pi\u00f9 di 3 crediti nell&#8217;account cliente\/sede. Eventuali errori nell&#8217;ordine effettuato dal cliente possono essere corretti entro questi 14 giorni inviando un&#8217;email all&#8217;indirizzo <a rel=\"noopener\">hello@nutri-scheme.com<\/a>, dal luned\u00ec al venerd\u00ec, tra le 9:00 e le 18:00 (ora rumena). <\/p>\n<p>Se il Cliente non notifica la cancellazione dell&#8217;abbonamento almeno 24 ore prima del suo rinnovo o non annulla l&#8217;abbonamento dal proprio account prima che si rinnovi, l&#8217;abbonamento si rinnover\u00e0 automaticamente per un altro anno solare senza ulteriori formalit\u00e0.<\/p>\n<p>Il rinnovo automatico viene eseguito esclusivamente sulla base del pagamento automatico utilizzando la carta salvata presso il processore di pagamento, Stripe.<\/p>\n<p>Il Cliente pu\u00f2 notificare al Fornitore la cancellazione dell&#8217;abbonamento prima del suo rinnovo all&#8217;indirizzo email <a rel=\"noopener\">hello@nutri-scheme.com<\/a> o annullarlo direttamente dal proprio account in Profilo &#8211; Gestisci Abbonamento.<\/p>\n<p style=\"caret-color: #000000; color: #000000;\"><strong>9. Risoluzione del Contratto<\/strong><\/p>\n<p>Questo contratto si risolve nei seguenti casi:<\/p>\n<p>a. Le parti concordano reciprocamente di risolvere il contratto; <\/p>\n<p>b. Inadempimento ripetuto o esecuzione difettosa degli obblighi contrattuali da parte di una delle parti; <\/p>\n<p>c. Mancato pagamento dell&#8217;abbonamento da parte del Cliente. Se il Cliente non paga la quota di rinnovo dell&#8217;abbonamento, questo verr\u00e0 sospeso e il Cliente non potr\u00e0 utilizzare le funzionalit\u00e0 del servizio fino a quando il pagamento non sar\u00e0 confermato dal Fornitore. Il Cliente ha la possibilit\u00e0 di riattivare l&#8217;abbonamento dal proprio account inviando un&#8217;email con la prova del pagamento all&#8217;indirizzo <a rel=\"noopener\">hello@nutri-scheme.com<\/a>.   <\/p>\n<p>d. La decisione unilaterale di una delle parti, comunicata per iscritto all&#8217;altra parte, con la notifica di risoluzione ricevuta almeno 24 ore prima del rinnovo dell&#8217;abbonamento; <\/p>\n<p>e. In caso di scioglimento, liquidazione, fallimento o revoca della licenza operativa di una delle parti, nel qual caso le parti sono obbligate a saldare eventuali debiti in sospeso reciproci sorti prima che si verificasse la causa di risoluzione. <\/p>\n<p style=\"caret-color: #000000; color: #000000;\"><strong>10. Forza Maggiore<\/strong><br \/>Nessuna delle parti sar\u00e0 responsabile per l&#8217;inadempimento degli obblighi contrattuali dovuto a eventi di forza maggiore. Per forza maggiore si intende qualsiasi evento esterno, imprevisto e inevitabile che si verifica dopo l&#8217;entrata in vigore del contratto e impedisce l&#8217;adempimento parziale o totale degli obblighi. <\/p>\n<p style=\"caret-color: #000000; color: #000000;\"><strong>11. Diritto al Risarcimento<\/strong><\/p>\n<p>L&#8217;Utente ha il diritto di richiedere un risarcimento per i danni derivanti dall&#8217;inadempimento totale o parziale del Contratto da parte della Societ\u00e0. Tuttavia, la Societ\u00e0 non pu\u00f2 essere ritenuta responsabile per perdite che n\u00e9 l&#8217;Utente n\u00e9 la Societ\u00e0 avrebbero potuto ragionevolmente prevedere all&#8217;inizio dell&#8217;utilizzo della Piattaforma da parte dell&#8217;Utente, n\u00e9 per perdite che non derivano da colpa o violazione di obblighi legali o contrattuali da parte della Societ\u00e0. <\/p>\n<p>La responsabilit\u00e0 della Societ\u00e0 (in qualit\u00e0 di fornitore di Contenuti a Pagamento) nei confronti degli Utenti in termini di risarcimento \u00e8 limitata al prezzo pagato per l&#8217;acquisto del Contenuto a Pagamento a cui si riferisce la richiesta dell&#8217;Utente. La Societ\u00e0 non si assume alcuna responsabilit\u00e0 nei confronti dell&#8217;Utente per Contenuti a Pagamento o Contenuti Gratuiti che potrebbero essere considerati offensivi o inappropriati. Nessuna delle disposizioni di questa clausola pregiudica i diritti riconosciuti dalla legge alle persone in qualit\u00e0 di consumatori.  <\/p>\n<p>CRUD DEVELOPMENT SRL fa ogni sforzo per garantire la massima accuratezza possibile dei dati finali, ma limita la responsabilit\u00e0 per eventuali problemi derivanti dall&#8217;utilizzo della piattaforma a un massimo di rimborso dell&#8217;importo pagato per l&#8217;utilizzo del prodotto. Questo rimborso pu\u00f2 essere richiesto solo una volta. <\/p>\n<p style=\"caret-color: #000000; color: #000000;\"><strong>12. Dichiarazioni<\/strong><\/p>\n<p><strong>Pubblicando informazioni come ricette o prodotti alimentari, insieme a contenuti grafici\/contestuali, ecc., concedi una licenza gratuita a nutri-scheme.com e CRUD DEVELOPMENT SRL, incluso il diritto di utilizzare, distribuire e pubblicare queste informazioni come contenuto offline o online.<\/strong><\/p>\n<p>La Societ\u00e0 non pu\u00f2 essere ritenuta responsabile per eventuali reclami presentati contro l&#8217;Utente dai propri clienti o dalle autorit\u00e0 di regolamentazione a causa della condivisione di informazioni da parte dell&#8217;Utente con i propri clienti.<\/p>\n<p>L&#8217;Utente mantiene la piena responsabilit\u00e0 per la collaborazione con i propri clienti attraverso la Piattaforma.<\/p>\n<p>L&#8217;Utente \u00e8 l&#8217;unico responsabile del contenuto che crea sulla piattaforma.<\/p>\n<p>CRUD DEVELOPMENT SRL non \u00e8 un nutrizionista n\u00e9 un laboratorio specializzato nel calcolo delle dichiarazioni nutrizionali.<\/p>\n<p>I calcoli sono puramente matematici basati sui fattori di conversione forniti nell&#8217;<strong>Allegato XIV \u2013 Fattori di Conversione del Regolamento (UE) n. 1169\/2011 del Parlamento Europeo e del Consiglio del 25 ottobre 2011<\/strong>.<\/p>\n<p>Il calcolatore non garantisce l&#8217;accuratezza dei calcoli se il cibo ha subito una lavorazione termica (bollitura, cottura al forno, frittura, ecc.).<\/p>\n<p>Le ricette inserite nell&#8217;applicazione Nutri-scheme o inviate al nostro team per l&#8217;inserimento nell&#8217;applicazione rimangono riservate e non vengono condivise con altri utenti, concorrenti, ecc. Queste ricette vengono visualizzate ai clienti nel rispetto dei requisiti legali: ingredienti, peso di ciascun ingrediente, numero di porzioni, additivi, allergeni. Queste impostazioni possono essere modificate da ciascun cliente dalla sezione Configurazione Menu. Tuttavia, il team di Nutri-scheme non si assume la responsabilit\u00e0 per la visualizzazione delle ricette senza soddisfare tutti i requisiti legali.   <\/p>\n<p>Nutri-scheme rispetta i requisiti del <strong>Regolamento Generale sulla Protezione dei Dati (Regolamento (UE) 2016\/679 del Parlamento Europeo e del Consiglio del 27 aprile 2016 relativo alla protezione delle persone fisiche con riguardo al trattamento dei dati personali e alla libera circolazione di tali dati, che abroga la direttiva 95\/46\/CE)<\/strong>, comunemente noto come GDPR.<\/p>\n<p style=\"caret-color: #000000; color: #000000;\"><strong>13. Informazioni su Aggiornamenti, Modifiche e Limitazione dei Servizi<\/strong><\/p>\n<p><strong>I nostri servizi sono in continua evoluzione.<\/strong> Man mano che lanciamo nuove funzionalit\u00e0, abbiamo bisogno della flessibilit\u00e0 di apportare modifiche, imporre limiti e occasionalmente sospendere o interrompere determinati Servizi. Inoltre, \u00e8 possibile che aggiorniamo i nostri Servizi, che potrebbero non funzionare correttamente in alcuni momenti. <\/p>\n<p>I Servizi cambiano frequentemente e la loro forma e funzionalit\u00e0 possono essere modificate senza preavviso.<\/p>\n<p>Potremmo fornire aggiornamenti (inclusi aggiornamenti automatici) per determinati Servizi ogni volta che lo riteniamo opportuno. Questi possono includere upgrade, modifiche, correzioni di bug e\/o nuove funzionalit\u00e0 (collettivamente, &#8220;Aggiornamenti&#8221;). Alcune parti dei nostri Servizi potrebbero non funzionare correttamente senza questi aggiornamenti. Riconosci e accetti che i Servizi potrebbero non funzionare correttamente se questi aggiornamenti non vengono implementati. Inoltre, accetti che i Termini (e qualsiasi modifica aggiuntiva ad essi) si applicheranno a tutti gli Aggiornamenti dei Servizi.    <\/p>\n<p>Potremmo modificare, sospendere o interrompere uno o tutti i Servizi in qualsiasi momento, inclusa la disponibilit\u00e0 di qualsiasi prodotto, funzionalit\u00e0, database o Contenuto. Inoltre, non siamo obbligati a fornire Aggiornamenti o a continuare a offrire o abilitare qualsiasi funzionalit\u00e0 o funzionalit\u00e0 specifica di qualsiasi Servizio. Potremmo anche imporre limiti su determinati Servizi o limitare il tuo accesso a parti o a tutti i Servizi senza preavviso o responsabilit\u00e0.  <\/p>\n<p style=\"caret-color: #000000; color: #000000;\"><strong>14. Legge e Giurisdizione<\/strong><br \/>Questi Termini e Condizioni sono regolati dalla legge dell&#8217;Unione Europea e rumena, e i tribunali dell&#8217;Unione Europea e rumeni avranno giurisdizione su qualsiasi reclamo derivante da o relativo all&#8217;utilizzo dei nostri servizi.<\/p>\n<p style=\"caret-color: #000000; color: #000000;\"><strong>15. Dati Personali<\/strong><\/p>\n<p><strong>Quali tipi di dati personali raccogliamo su di te?<\/strong><\/p>\n<ul>\n<li>Indirizzo email<\/li>\n<li>Nome e cognome<\/li>\n<li>Indirizzo IP<\/li>\n<li>Come utilizzi la Piattaforma<\/li>\n<\/ul>\n<p>Utilizziamo servizi come Google Analytics (<a href=\"https:\/\/www.google.com\/analytics\" target=\"_new\" rel=\"noopener\">https:\/\/www.google.com\/analytics<\/a>), Facebook Pixel (<a href=\"https:\/\/www.facebook.com\/business\/learn\/facebook-ads-pixel\" target=\"_new\" rel=\"noopener\">https:\/\/www.facebook.com\/business\/learn\/facebook-ads-pixel<\/a>) e Hotjar (<a href=\"https:\/\/www.hotjar.com\/\" target=\"_new\" rel=\"noopener\">https:\/\/www.hotjar.com\/<\/a>) per capire come utilizzi il Sito e per migliorare l&#8217;esperienza dell&#8217;Utente.<\/p>\n<p>Questi servizi raccolgono varie informazioni sulla posizione e sul dispositivo da cui accedi al Sito, nonch\u00e9 informazioni su come interagisci con il Sito. Utilizziamo queste informazioni in modo anonimo per analizzare come possiamo migliorare la funzionalit\u00e0 del Sito e fornirti informazioni migliori online. <\/p>\n<p><strong>Perch\u00e9 raccogliamo queste informazioni?<\/strong><\/p>\n<p>Gli scopi della raccolta dei dati sono:<\/p>\n<ul>\n<li><strong>Creazione e\/o manutenzione dell&#8217;account:<\/strong> \u00c8 richiesto un indirizzo email per registrarsi nell&#8217;Applicazione.<br \/>Il tuo rifiuto di fornire queste informazioni comporter\u00e0 la nostra impossibilit\u00e0 di concederti l&#8217;accesso alla Piattaforma.<\/li>\n<li><strong>Statistiche sui progressi personali.<\/strong><\/li>\n<\/ul>\n<p style=\"caret-color: #000000; color: #000000;\"><strong>17. Quali sono i tuoi diritti?<\/strong><\/p>\n<p><strong>In conformit\u00e0 con il regolamento GDPR, puoi ritirare il tuo consenso per l&#8217;archiviazione, l&#8217;elaborazione e la condivisione dei dati personali in qualsiasi momento inviando una richiesta scritta, firmata e datata all&#8217;indirizzo email: <a rel=\"noopener\">hello@nutri-scheme.com<\/a><\/strong><\/p>\n<p><strong>Cancellazione dei Dati<\/strong><br \/>Per eliminare tutti i dati personali archiviati sui server di Nutri-Scheme, devi inviare una richiesta all&#8217;indirizzo email: <a rel=\"noopener\">hello@nutri-scheme.com<\/a>.<\/p>\n<p><strong>Modifica dei Dati<\/strong><br \/>Puoi modificare i tuoi dati attraverso l&#8217;interfaccia di amministrazione navigando in <strong>Profilo -&gt; Clicca sul tuo nome<\/strong>.<\/p>\n<p><strong>Consultazione dei Dati<\/strong><br \/>Puoi visualizzare i tuoi dati personali attraverso l&#8217;interfaccia di amministrazione navigando in <strong>Profilo -&gt; Clicca sul tuo nome<\/strong>.<\/p>\n\n<p><\/p>\n","protected":false},"excerpt":{"rendered":"<p>Per utilizzare la piattaforma Nutri Scheme, disponibile all&#8217;URL: nutri-scheme.com (il &#8220;Sito&#8221;), si consiglia di leggere e accettare i termini e le condizioni riportati di seguito, che costituiscono un contratto tra CRUD DEVELOPMENT SRL (la Societ\u00e0) e qualsiasi Visitatore o Utente che accede alla Piattaforma. L&#8217;utilizzo della Piattaforma implica l&#8217;accettazione piena e incondizionata di questi termini. [&hellip;]<\/p>\n","protected":false},"author":1,"featured_media":0,"parent":0,"menu_order":0,"comment_status":"closed","ping_status":"closed","template":"","meta":{"_acf_changed":false,"footnotes":""},"class_list":["post-23467","page","type-page","status-publish","hentry"],"acf":[],"_links":{"self":[{"href":"https:\/\/nutri-scheme.com\/it\/wp-json\/wp\/v2\/pages\/23467","targetHints":{"allow":["GET"]}}],"collection":[{"href":"https:\/\/nutri-scheme.com\/it\/wp-json\/wp\/v2\/pages"}],"about":[{"href":"https:\/\/nutri-scheme.com\/it\/wp-json\/wp\/v2\/types\/page"}],"author":[{"embeddable":true,"href":"https:\/\/nutri-scheme.com\/it\/wp-json\/wp\/v2\/users\/1"}],"replies":[{"embeddable":true,"href":"https:\/\/nutri-scheme.com\/it\/wp-json\/wp\/v2\/comments?post=23467"}],"version-history":[{"count":1,"href":"https:\/\/nutri-scheme.com\/it\/wp-json\/wp\/v2\/pages\/23467\/revisions"}],"predecessor-version":[{"id":23468,"href":"https:\/\/nutri-scheme.com\/it\/wp-json\/wp\/v2\/pages\/23467\/revisions\/23468"}],"wp:attachment":[{"href":"https:\/\/nutri-scheme.com\/it\/wp-json\/wp\/v2\/media?parent=23467"}],"curies":[{"name":"wp","href":"https:\/\/api.w.org\/{rel}","templated":true}]}}